{"id":2029,"date":"2024-02-13T20:43:57","date_gmt":"2024-02-13T18:43:57","guid":{"rendered":"https:\/\/designweek.ro\/arhiva\/design-week-2-2016\/"},"modified":"2024-02-15T10:08:57","modified_gmt":"2024-02-15T08:08:57","slug":"design-week-2-2016","status":"publish","type":"page","link":"https:\/\/designweek.ro\/ro\/arhiva\/design-week-2-2016\/","title":{"rendered":"Design Week 2 &#8211; 2016"},"content":{"rendered":"<style>.kb-row-layout-wrap.wp-block-kadence-rowlayout.kb-row-layout-id992_b0d63c-af{margin-top:100px;}.kb-row-layout-id992_b0d63c-af > .kt-row-column-wrap{align-content:start;}:where(.kb-row-layout-id992_b0d63c-af > .kt-row-column-wrap) > .wp-block-kadence-column{justify-content:start;}.kb-row-layout-id992_b0d63c-af > .kt-row-column-wrap{column-gap:var(--global-kb-gap-md, 2rem);row-gap:var(--global-kb-gap-md, 2rem);max-width:var( --global-content-width, 1290px );padding-left:var(--global-content-edge-padding);padding-right:var(--global-content-edge-padding);padding-top:var(--global-kb-spacing-sm, 1.5rem);padding-bottom:var(--global-kb-spacing-sm, 1.5rem);grid-template-columns:minmax(0, 1fr);}.kb-row-layout-id992_b0d63c-af > .kt-row-layout-overlay{opacity:0.30;}@media all and (max-width: 1024px){.kb-row-layout-id992_b0d63c-af > .kt-row-column-wrap{grid-template-columns:minmax(0, 1fr);}}@media all and (max-width: 767px){.kb-row-layout-id992_b0d63c-af > .kt-row-column-wrap{grid-template-columns:minmax(0, 1fr);}}<\/style><div class=\"kb-row-layout-wrap kb-row-layout-id992_b0d63c-af alignnone wp-block-kadence-rowlayout\"><div class=\"kt-row-column-wrap kt-has-1-columns kt-row-layout-equal kt-tab-layout-inherit kt-mobile-layout-row kt-row-valign-top kb-theme-content-width\">\n<style>.kadence-column992_0c030c-e4 > .kt-inside-inner-col,.kadence-column992_0c030c-e4 > .kt-inside-inner-col:before{border-top-left-radius:0px;border-top-right-radius:0px;border-bottom-right-radius:0px;border-bottom-left-radius:0px;}.kadence-column992_0c030c-e4 > .kt-inside-inner-col{column-gap:var(--global-kb-gap-sm, 1rem);}.kadence-column992_0c030c-e4 > .kt-inside-inner-col{flex-direction:column;}.kadence-column992_0c030c-e4 > .kt-inside-inner-col > .aligncenter{width:100%;}.kadence-column992_0c030c-e4 > .kt-inside-inner-col:before{opacity:0.3;}.kadence-column992_0c030c-e4{position:relative;}@media all and (max-width: 1024px){.kadence-column992_0c030c-e4 > .kt-inside-inner-col{flex-direction:column;justify-content:center;}}@media all and (max-width: 767px){.kadence-column992_0c030c-e4 > .kt-inside-inner-col{flex-direction:column;justify-content:center;}}<\/style>\n<div class=\"wp-block-kadence-column kadence-column992_0c030c-e4\"><div class=\"kt-inside-inner-col\"><style>.wp-block-kadence-advancedheading.kt-adv-heading992_cfc286-40, .wp-block-kadence-advancedheading.kt-adv-heading992_cfc286-40[data-kb-block=\"kb-adv-heading992_cfc286-40\"]{font-style:normal;}.wp-block-kadence-advancedheading.kt-adv-heading992_cfc286-40 mark.kt-highlight, .wp-block-kadence-advancedheading.kt-adv-heading992_cfc286-40[data-kb-block=\"kb-adv-heading992_cfc286-40\"] mark.kt-highlight{font-style:normal;color:#f76a0c;-webkit-box-decoration-break:clone;box-decoration-break:clone;padding-top:0px;padding-right:0px;padding-bottom:0px;padding-left:0px;}.wp-block-kadence-advancedheading.kt-adv-heading992_cfc286-40 img.kb-inline-image, .wp-block-kadence-advancedheading.kt-adv-heading992_cfc286-40[data-kb-block=\"kb-adv-heading992_cfc286-40\"] img.kb-inline-image{width:150px;vertical-align:baseline;}<\/style>\n<h1 class=\"kt-adv-heading992_cfc286-40 wp-block-kadence-advancedheading has-theme-palette-1-color has-text-color\" data-kb-block=\"kb-adv-heading992_cfc286-40\">dw2 &#8211; 2016<\/h1>\n\n\n\n<p>Dintre expozi\u021biile evenimentului, cea mai emblematic\u0103 este Transylvania Tranzit, deja organizat\u0103, care prezint\u0103 designeri contemporani transilv\u0103neni \u0219i ofer\u0103 o privire \u00een munca lor. Tradi\u021bional\u0103 este \u0219i expozi\u021bia studen\u021bilor de la sec\u021bia de grafic\u0103 publicitar\u0103 a Universit\u0103\u021bii Cre\u0219tine Partium, care poart\u0103 titlul de Photo Ludens. De asemenea, expozi\u021bia prezint\u0103 lucr\u0103rile studen\u021bilor de la sec\u021bia de design din Cetatea Cernatului, realizate \u00een cadrul Taberei de Design din Cetatea Cernatului, precum \u0219i expozi\u021bia care prezint\u0103 tab\u0103ra NOISE, organizat\u0103 de atelierul de design Csom\u00f3Pont din T\u00e2rgu Secuiesc. Dou\u0103 expozi\u021bii individuale prezint\u0103 lucr\u0103rile a doi creatori: expozi\u021bia designerului Ianis Vasilatos, care proiecteaz\u0103 mijloace de transport, g\u0103zduit\u0103 de Centrul de Art\u0103 al Transilvaniei, \u0219i expozi\u021bia de design de jocuri a lui Patrick Mor\u0103ra\u015f, g\u0103zduit\u0103 de Casa L\u00e1bas. La spa\u021biul de expozi\u021bie MAGMA pentru Art\u0103 Contemporan\u0103, accentul a fost pus pe grafica de carte.<\/p>\n<\/div><\/div>\n\n<\/div><\/div><style>.kb-row-layout-id992_386c98-b9 > .kt-row-column-wrap{align-content:start;}:where(.kb-row-layout-id992_386c98-b9 > .kt-row-column-wrap) > .wp-block-kadence-column{justify-content:start;}.kb-row-layout-id992_386c98-b9 > .kt-row-column-wrap{column-gap:var(--global-kb-gap-md, 2rem);row-gap:var(--global-kb-gap-md, 2rem);max-width:var( --global-content-width, 1290px );padding-left:var(--global-content-edge-padding);padding-right:var(--global-content-edge-padding);padding-top:var(--global-kb-spacing-sm, 1.5rem);padding-bottom:var(--global-kb-spacing-sm, 1.5rem);grid-template-columns:minmax(0, 1fr);}.kb-row-layout-id992_386c98-b9 > .kt-row-layout-overlay{opacity:0.30;}@media all and (max-width: 1024px){.kb-row-layout-id992_386c98-b9 > .kt-row-column-wrap{grid-template-columns:minmax(0, 1fr);}}@media all and (max-width: 767px){.kb-row-layout-id992_386c98-b9 > .kt-row-column-wrap{grid-template-columns:minmax(0, 1fr);}}<\/style><div class=\"kb-row-layout-wrap kb-row-layout-id992_386c98-b9 alignnone wp-block-kadence-rowlayout\"><div class=\"kt-row-column-wrap kt-has-1-columns kt-row-layout-equal kt-tab-layout-inherit kt-mobile-layout-row kt-row-valign-top kb-theme-content-width\">\n<style>.kadence-column992_f953d0-5c > .kt-inside-inner-col,.kadence-column992_f953d0-5c > .kt-inside-inner-col:before{border-top-left-radius:0px;border-top-right-radius:0px;border-bottom-right-radius:0px;border-bottom-left-radius:0px;}.kadence-column992_f953d0-5c > .kt-inside-inner-col{column-gap:var(--global-kb-gap-sm, 1rem);}.kadence-column992_f953d0-5c > .kt-inside-inner-col{flex-direction:column;}.kadence-column992_f953d0-5c > .kt-inside-inner-col > .aligncenter{width:100%;}.kadence-column992_f953d0-5c > .kt-inside-inner-col:before{opacity:0.3;}.kadence-column992_f953d0-5c{position:relative;}@media all and (max-width: 1024px){.kadence-column992_f953d0-5c > .kt-inside-inner-col{flex-direction:column;justify-content:center;}}@media all and (max-width: 767px){.kadence-column992_f953d0-5c > .kt-inside-inner-col{flex-direction:column;justify-content:center;}}<\/style>\n<div class=\"wp-block-kadence-column kadence-column992_f953d0-5c\"><div class=\"kt-inside-inner-col\"><style>.wp-block-kadence-advancedheading.kt-adv-heading992_f2d441-fa, .wp-block-kadence-advancedheading.kt-adv-heading992_f2d441-fa[data-kb-block=\"kb-adv-heading992_f2d441-fa\"]{font-style:normal;}.wp-block-kadence-advancedheading.kt-adv-heading992_f2d441-fa mark.kt-highlight, .wp-block-kadence-advancedheading.kt-adv-heading992_f2d441-fa[data-kb-block=\"kb-adv-heading992_f2d441-fa\"] mark.kt-highlight{font-style:normal;color:#f76a0c;-webkit-box-decoration-break:clone;box-decoration-break:clone;padding-top:0px;padding-right:0px;padding-bottom:0px;padding-left:0px;}.wp-block-kadence-advancedheading.kt-adv-heading992_f2d441-fa img.kb-inline-image, .wp-block-kadence-advancedheading.kt-adv-heading992_f2d441-fa[data-kb-block=\"kb-adv-heading992_f2d441-fa\"] img.kb-inline-image{width:150px;vertical-align:baseline;}<\/style>\n<h2 class=\"kt-adv-heading992_f2d441-fa wp-block-kadence-advancedheading has-theme-palette-2-color has-text-color\" data-kb-block=\"kb-adv-heading992_f2d441-fa\">galerie<\/h2>\n\n\n\nngg_shortcode_0_placeholder\n<\/div><\/div>\n\n<\/div><\/div>","protected":false},"excerpt":{"rendered":"<p>dw2 &#8211; 2016 Dintre expozi\u021biile evenimentului, cea mai emblematic\u0103 este Transylvania Tranzit, deja organizat\u0103, care prezint\u0103 designeri contemporani transilv\u0103neni \u0219i ofer\u0103 o privire \u00een munca lor. Tradi\u021bional\u0103 este \u0219i expozi\u021bia studen\u021bilor de la sec\u021bia de grafic\u0103 publicitar\u0103 a Universit\u0103\u021bii Cre\u0219tine Partium, care poart\u0103 titlul de Photo Ludens. De asemenea, expozi\u021bia prezint\u0103 lucr\u0103rile studen\u021bilor de la&#8230;<\/p>\n","protected":false},"author":1,"featured_media":0,"parent":2023,"menu_order":0,"comment_status":"closed","ping_status":"closed","template":"","meta":{"_kad_blocks_custom_css":"","_kad_blocks_head_custom_js":"","_kad_blocks_body_custom_js":"","_kad_blocks_footer_custom_js":"","ngg_post_thumbnail":0,"_kad_post_transparent":"","_kad_post_title":"","_kad_post_layout":"","_kad_post_sidebar_id":"","_kad_post_content_style":"","_kad_post_vertical_padding":"","_kad_post_feature":"","_kad_post_feature_position":"","_kad_post_header":false,"_kad_post_footer":false,"_kad_post_classname":"","footnotes":""},"class_list":["post-2029","page","type-page","status-publish","hentry"],"taxonomy_info":[],"featured_image_src_large":false,"author_info":{"display_name":"taki","author_link":"https:\/\/designweek.ro\/ro\/author\/taki\/"},"comment_info":0,"_links":{"self":[{"href":"https:\/\/designweek.ro\/ro\/wp-json\/wp\/v2\/pages\/2029","targetHints":{"allow":["GET"]}}],"collection":[{"href":"https:\/\/designweek.ro\/ro\/wp-json\/wp\/v2\/pages"}],"about":[{"href":"https:\/\/designweek.ro\/ro\/wp-json\/wp\/v2\/types\/page"}],"author":[{"embeddable":true,"href":"https:\/\/designweek.ro\/ro\/wp-json\/wp\/v2\/users\/1"}],"replies":[{"embeddable":true,"href":"https:\/\/designweek.ro\/ro\/wp-json\/wp\/v2\/comments?post=2029"}],"version-history":[{"count":1,"href":"https:\/\/designweek.ro\/ro\/wp-json\/wp\/v2\/pages\/2029\/revisions"}],"predecessor-version":[{"id":2030,"href":"https:\/\/designweek.ro\/ro\/wp-json\/wp\/v2\/pages\/2029\/revisions\/2030"}],"up":[{"embeddable":true,"href":"https:\/\/designweek.ro\/ro\/wp-json\/wp\/v2\/pages\/2023"}],"wp:attachment":[{"href":"https:\/\/designweek.ro\/ro\/wp-json\/wp\/v2\/media?parent=2029"}],"curies":[{"name":"wp","href":"https:\/\/api.w.org\/{rel}","templated":true}]}}