{"id":2031,"date":"2024-02-13T20:45:21","date_gmt":"2024-02-13T18:45:21","guid":{"rendered":"https:\/\/designweek.ro\/arhiva\/design-week-3-2017\/"},"modified":"2024-02-15T10:09:31","modified_gmt":"2024-02-15T08:09:31","slug":"design-week-3-2017","status":"publish","type":"page","link":"https:\/\/designweek.ro\/ro\/arhiva\/design-week-3-2017\/","title":{"rendered":"Design Week 3 &#8211; 2017"},"content":{"rendered":"<style>.kb-row-layout-wrap.wp-block-kadence-rowlayout.kb-row-layout-id995_7779b2-53{margin-top:100px;}.kb-row-layout-id995_7779b2-53 > .kt-row-column-wrap{align-content:start;}:where(.kb-row-layout-id995_7779b2-53 > .kt-row-column-wrap) > .wp-block-kadence-column{justify-content:start;}.kb-row-layout-id995_7779b2-53 > .kt-row-column-wrap{column-gap:var(--global-kb-gap-md, 2rem);row-gap:var(--global-kb-gap-md, 2rem);max-width:var( --global-content-width, 1290px );padding-left:var(--global-content-edge-padding);padding-right:var(--global-content-edge-padding);padding-top:var(--global-kb-spacing-sm, 1.5rem);padding-bottom:var(--global-kb-spacing-sm, 1.5rem);grid-template-columns:minmax(0, 1fr);}.kb-row-layout-id995_7779b2-53 > .kt-row-layout-overlay{opacity:0.30;}@media all and (max-width: 1024px){.kb-row-layout-id995_7779b2-53 > .kt-row-column-wrap{grid-template-columns:minmax(0, 1fr);}}@media all and (max-width: 767px){.kb-row-layout-id995_7779b2-53 > .kt-row-column-wrap{grid-template-columns:minmax(0, 1fr);}}<\/style><div class=\"kb-row-layout-wrap kb-row-layout-id995_7779b2-53 alignnone wp-block-kadence-rowlayout\"><div class=\"kt-row-column-wrap kt-has-1-columns kt-row-layout-equal kt-tab-layout-inherit kt-mobile-layout-row kt-row-valign-top kb-theme-content-width\">\n<style>.kadence-column995_4d7b14-d1 > .kt-inside-inner-col,.kadence-column995_4d7b14-d1 > .kt-inside-inner-col:before{border-top-left-radius:0px;border-top-right-radius:0px;border-bottom-right-radius:0px;border-bottom-left-radius:0px;}.kadence-column995_4d7b14-d1 > .kt-inside-inner-col{column-gap:var(--global-kb-gap-sm, 1rem);}.kadence-column995_4d7b14-d1 > .kt-inside-inner-col{flex-direction:column;}.kadence-column995_4d7b14-d1 > .kt-inside-inner-col > .aligncenter{width:100%;}.kadence-column995_4d7b14-d1 > .kt-inside-inner-col:before{opacity:0.3;}.kadence-column995_4d7b14-d1{position:relative;}@media all and (max-width: 1024px){.kadence-column995_4d7b14-d1 > .kt-inside-inner-col{flex-direction:column;justify-content:center;}}@media all and (max-width: 767px){.kadence-column995_4d7b14-d1 > .kt-inside-inner-col{flex-direction:column;justify-content:center;}}<\/style>\n<div class=\"wp-block-kadence-column kadence-column995_4d7b14-d1\"><div class=\"kt-inside-inner-col\"><style>.wp-block-kadence-advancedheading.kt-adv-heading995_663206-8a, .wp-block-kadence-advancedheading.kt-adv-heading995_663206-8a[data-kb-block=\"kb-adv-heading995_663206-8a\"]{font-style:normal;}.wp-block-kadence-advancedheading.kt-adv-heading995_663206-8a mark.kt-highlight, .wp-block-kadence-advancedheading.kt-adv-heading995_663206-8a[data-kb-block=\"kb-adv-heading995_663206-8a\"] mark.kt-highlight{font-style:normal;color:#f76a0c;-webkit-box-decoration-break:clone;box-decoration-break:clone;padding-top:0px;padding-right:0px;padding-bottom:0px;padding-left:0px;}.wp-block-kadence-advancedheading.kt-adv-heading995_663206-8a img.kb-inline-image, .wp-block-kadence-advancedheading.kt-adv-heading995_663206-8a[data-kb-block=\"kb-adv-heading995_663206-8a\"] img.kb-inline-image{width:150px;vertical-align:baseline;}<\/style>\n<h1 class=\"kt-adv-heading995_663206-8a wp-block-kadence-advancedheading has-theme-palette-1-color has-text-color\" data-kb-block=\"kb-adv-heading995_663206-8a\">dw3 &#8211; 2017<\/h1>\n\n\n\n<p>\u00cen cadrul S\u0103pt\u0103m\u00e2nii Designului, s-a oferit oportunitatea pentru \u00eent\u00e2lnirea reprezentan\u021bilor locali ai domeniului \u0219i a actorilor de pe pia\u021b\u0103, precum \u0219i pentru prezentarea tinerilor designeri talenta\u021bi din Transilvania \u0219i Ungaria.<\/p>\n\n\n\n<p>Pe l\u00e2ng\u0103 forumurile profesionale, am implicat \u0219i publicul larg printr-o varietate de programe care ofer\u0103 o privire \u00een aceast\u0103 lume creativ\u0103 special\u0103. Evenimentul a avut ca scop familiarizarea designului contemporan cu publicul local, aduc\u00e2nd lumea designului \u00een apropierea lor, oferind o privire asupra procesului creativ, de la proiectare la produc\u021bie \u0219i comercializare.<\/p>\n\n\n\n<p>Ast\u0103zi, designul s-a contopit cu via\u021ba de zi cu zi \u0219i cultura, acoperind o gam\u0103 larg\u0103 de domenii, combin\u00e2nd estetica, forma, func\u021bionalitatea \u0219i scoate \u00een eviden\u021b\u0103 \u00een mod inovator caracteristicile unice ale obiectelor.<\/p>\n\n\n\n<p>Seria de evenimente a S\u0103pt\u0103m\u00e2nii Designului joac\u0103 un rol important \u00een efortul de a aduce Sf\u00e2ntu Gheorghe pe harta Europei, unde sunt notate inova\u021bia \u0219i creativitatea.<\/p>\n<\/div><\/div>\n\n<\/div><\/div><style>.kb-row-layout-id995_ba0192-3c > .kt-row-column-wrap{align-content:start;}:where(.kb-row-layout-id995_ba0192-3c > .kt-row-column-wrap) > .wp-block-kadence-column{justify-content:start;}.kb-row-layout-id995_ba0192-3c > .kt-row-column-wrap{column-gap:var(--global-kb-gap-md, 2rem);row-gap:var(--global-kb-gap-md, 2rem);max-width:var( --global-content-width, 1290px );padding-left:var(--global-content-edge-padding);padding-right:var(--global-content-edge-padding);padding-top:var(--global-kb-spacing-sm, 1.5rem);padding-bottom:var(--global-kb-spacing-sm, 1.5rem);grid-template-columns:minmax(0, 1fr);}.kb-row-layout-id995_ba0192-3c > .kt-row-layout-overlay{opacity:0.30;}@media all and (max-width: 1024px){.kb-row-layout-id995_ba0192-3c > .kt-row-column-wrap{grid-template-columns:minmax(0, 1fr);}}@media all and (max-width: 767px){.kb-row-layout-id995_ba0192-3c > .kt-row-column-wrap{grid-template-columns:minmax(0, 1fr);}}<\/style><div class=\"kb-row-layout-wrap kb-row-layout-id995_ba0192-3c alignnone wp-block-kadence-rowlayout\"><div class=\"kt-row-column-wrap kt-has-1-columns kt-row-layout-equal kt-tab-layout-inherit kt-mobile-layout-row kt-row-valign-top kb-theme-content-width\">\n<style>.kadence-column995_3863f3-ab > .kt-inside-inner-col,.kadence-column995_3863f3-ab > .kt-inside-inner-col:before{border-top-left-radius:0px;border-top-right-radius:0px;border-bottom-right-radius:0px;border-bottom-left-radius:0px;}.kadence-column995_3863f3-ab > .kt-inside-inner-col{column-gap:var(--global-kb-gap-sm, 1rem);}.kadence-column995_3863f3-ab > .kt-inside-inner-col{flex-direction:column;}.kadence-column995_3863f3-ab > .kt-inside-inner-col > .aligncenter{width:100%;}.kadence-column995_3863f3-ab > .kt-inside-inner-col:before{opacity:0.3;}.kadence-column995_3863f3-ab{position:relative;}@media all and (max-width: 1024px){.kadence-column995_3863f3-ab > .kt-inside-inner-col{flex-direction:column;justify-content:center;}}@media all and (max-width: 767px){.kadence-column995_3863f3-ab > .kt-inside-inner-col{flex-direction:column;justify-content:center;}}<\/style>\n<div class=\"wp-block-kadence-column kadence-column995_3863f3-ab\"><div class=\"kt-inside-inner-col\"><style>.wp-block-kadence-advancedheading.kt-adv-heading995_76e15d-9d, .wp-block-kadence-advancedheading.kt-adv-heading995_76e15d-9d[data-kb-block=\"kb-adv-heading995_76e15d-9d\"]{font-style:normal;}.wp-block-kadence-advancedheading.kt-adv-heading995_76e15d-9d mark.kt-highlight, .wp-block-kadence-advancedheading.kt-adv-heading995_76e15d-9d[data-kb-block=\"kb-adv-heading995_76e15d-9d\"] mark.kt-highlight{font-style:normal;color:#f76a0c;-webkit-box-decoration-break:clone;box-decoration-break:clone;padding-top:0px;padding-right:0px;padding-bottom:0px;padding-left:0px;}.wp-block-kadence-advancedheading.kt-adv-heading995_76e15d-9d img.kb-inline-image, .wp-block-kadence-advancedheading.kt-adv-heading995_76e15d-9d[data-kb-block=\"kb-adv-heading995_76e15d-9d\"] img.kb-inline-image{width:150px;vertical-align:baseline;}<\/style>\n<h2 class=\"kt-adv-heading995_76e15d-9d wp-block-kadence-advancedheading has-theme-palette-2-color has-text-color\" data-kb-block=\"kb-adv-heading995_76e15d-9d\">galerie<\/h2>\n\n\n\nngg_shortcode_0_placeholder\n<\/div><\/div>\n\n<\/div><\/div>","protected":false},"excerpt":{"rendered":"<p>dw3 &#8211; 2017 \u00cen cadrul S\u0103pt\u0103m\u00e2nii Designului, s-a oferit oportunitatea pentru \u00eent\u00e2lnirea reprezentan\u021bilor locali ai domeniului \u0219i a actorilor de pe pia\u021b\u0103, precum \u0219i pentru prezentarea tinerilor designeri talenta\u021bi din Transilvania \u0219i Ungaria. Pe l\u00e2ng\u0103 forumurile profesionale, am implicat \u0219i publicul larg printr-o varietate de programe care ofer\u0103 o privire \u00een aceast\u0103 lume creativ\u0103 special\u0103&#8230;.<\/p>\n","protected":false},"author":1,"featured_media":0,"parent":2023,"menu_order":0,"comment_status":"closed","ping_status":"closed","template":"","meta":{"_kad_blocks_custom_css":"","_kad_blocks_head_custom_js":"","_kad_blocks_body_custom_js":"","_kad_blocks_footer_custom_js":"","ngg_post_thumbnail":0,"_kad_post_transparent":"","_kad_post_title":"","_kad_post_layout":"","_kad_post_sidebar_id":"","_kad_post_content_style":"","_kad_post_vertical_padding":"","_kad_post_feature":"","_kad_post_feature_position":"","_kad_post_header":false,"_kad_post_footer":false,"_kad_post_classname":"","footnotes":""},"class_list":["post-2031","page","type-page","status-publish","hentry"],"taxonomy_info":[],"featured_image_src_large":false,"author_info":{"display_name":"taki","author_link":"https:\/\/designweek.ro\/ro\/author\/taki\/"},"comment_info":0,"_links":{"self":[{"href":"https:\/\/designweek.ro\/ro\/wp-json\/wp\/v2\/pages\/2031","targetHints":{"allow":["GET"]}}],"collection":[{"href":"https:\/\/designweek.ro\/ro\/wp-json\/wp\/v2\/pages"}],"about":[{"href":"https:\/\/designweek.ro\/ro\/wp-json\/wp\/v2\/types\/page"}],"author":[{"embeddable":true,"href":"https:\/\/designweek.ro\/ro\/wp-json\/wp\/v2\/users\/1"}],"replies":[{"embeddable":true,"href":"https:\/\/designweek.ro\/ro\/wp-json\/wp\/v2\/comments?post=2031"}],"version-history":[{"count":1,"href":"https:\/\/designweek.ro\/ro\/wp-json\/wp\/v2\/pages\/2031\/revisions"}],"predecessor-version":[{"id":2032,"href":"https:\/\/designweek.ro\/ro\/wp-json\/wp\/v2\/pages\/2031\/revisions\/2032"}],"up":[{"embeddable":true,"href":"https:\/\/designweek.ro\/ro\/wp-json\/wp\/v2\/pages\/2023"}],"wp:attachment":[{"href":"https:\/\/designweek.ro\/ro\/wp-json\/wp\/v2\/media?parent=2031"}],"curies":[{"name":"wp","href":"https:\/\/api.w.org\/{rel}","templated":true}]}}