{"id":2033,"date":"2024-02-13T20:56:10","date_gmt":"2024-02-13T18:56:10","guid":{"rendered":"https:\/\/designweek.ro\/arhiva\/design-week-4-2023\/"},"modified":"2024-02-15T10:09:48","modified_gmt":"2024-02-15T08:09:48","slug":"design-week-4-2023","status":"publish","type":"page","link":"https:\/\/designweek.ro\/ro\/arhiva\/design-week-4-2023\/","title":{"rendered":"Design Week 4 &#8211; 2023"},"content":{"rendered":"<style>.kb-row-layout-wrap.wp-block-kadence-rowlayout.kb-row-layout-id998_ed15a7-da{margin-top:100px;}.kb-row-layout-id998_ed15a7-da > .kt-row-column-wrap{align-content:start;}:where(.kb-row-layout-id998_ed15a7-da > .kt-row-column-wrap) > .wp-block-kadence-column{justify-content:start;}.kb-row-layout-id998_ed15a7-da > .kt-row-column-wrap{column-gap:var(--global-kb-gap-md, 2rem);row-gap:var(--global-kb-gap-md, 2rem);max-width:var( --global-content-width, 1290px );padding-left:var(--global-content-edge-padding);padding-right:var(--global-content-edge-padding);padding-top:var(--global-kb-spacing-sm, 1.5rem);padding-bottom:var(--global-kb-spacing-sm, 1.5rem);grid-template-columns:minmax(0, 1fr);}.kb-row-layout-id998_ed15a7-da > .kt-row-layout-overlay{opacity:0.30;}@media all and (max-width: 1024px){.kb-row-layout-id998_ed15a7-da > .kt-row-column-wrap{grid-template-columns:minmax(0, 1fr);}}@media all and (max-width: 767px){.kb-row-layout-id998_ed15a7-da > .kt-row-column-wrap{grid-template-columns:minmax(0, 1fr);}}<\/style><div class=\"kb-row-layout-wrap kb-row-layout-id998_ed15a7-da alignnone wp-block-kadence-rowlayout\"><div class=\"kt-row-column-wrap kt-has-1-columns kt-row-layout-equal kt-tab-layout-inherit kt-mobile-layout-row kt-row-valign-top kb-theme-content-width\">\n<style>.kadence-column998_d12b7a-6b > .kt-inside-inner-col,.kadence-column998_d12b7a-6b > .kt-inside-inner-col:before{border-top-left-radius:0px;border-top-right-radius:0px;border-bottom-right-radius:0px;border-bottom-left-radius:0px;}.kadence-column998_d12b7a-6b > .kt-inside-inner-col{column-gap:var(--global-kb-gap-sm, 1rem);}.kadence-column998_d12b7a-6b > .kt-inside-inner-col{flex-direction:column;}.kadence-column998_d12b7a-6b > .kt-inside-inner-col > .aligncenter{width:100%;}.kadence-column998_d12b7a-6b > .kt-inside-inner-col:before{opacity:0.3;}.kadence-column998_d12b7a-6b{position:relative;}@media all and (max-width: 1024px){.kadence-column998_d12b7a-6b > .kt-inside-inner-col{flex-direction:column;justify-content:center;}}@media all and (max-width: 767px){.kadence-column998_d12b7a-6b > .kt-inside-inner-col{flex-direction:column;justify-content:center;}}<\/style>\n<div class=\"wp-block-kadence-column kadence-column998_d12b7a-6b\"><div class=\"kt-inside-inner-col\"><style>.wp-block-kadence-advancedheading.kt-adv-heading998_02be98-d0, .wp-block-kadence-advancedheading.kt-adv-heading998_02be98-d0[data-kb-block=\"kb-adv-heading998_02be98-d0\"]{font-style:normal;}.wp-block-kadence-advancedheading.kt-adv-heading998_02be98-d0 mark.kt-highlight, .wp-block-kadence-advancedheading.kt-adv-heading998_02be98-d0[data-kb-block=\"kb-adv-heading998_02be98-d0\"] mark.kt-highlight{font-style:normal;color:#f76a0c;-webkit-box-decoration-break:clone;box-decoration-break:clone;padding-top:0px;padding-right:0px;padding-bottom:0px;padding-left:0px;}.wp-block-kadence-advancedheading.kt-adv-heading998_02be98-d0 img.kb-inline-image, .wp-block-kadence-advancedheading.kt-adv-heading998_02be98-d0[data-kb-block=\"kb-adv-heading998_02be98-d0\"] img.kb-inline-image{width:150px;vertical-align:baseline;}<\/style>\n<h1 class=\"kt-adv-heading998_02be98-d0 wp-block-kadence-advancedheading has-theme-palette-1-color has-text-color\" data-kb-block=\"kb-adv-heading998_02be98-d0\">dw4 &#8211; 2023<\/h1>\n\n\n\n<p>Fabrica de Tutun din Sf\u00e2ntu Gheorghe a g\u0103zduit expozi\u021biile, atelierele creative, \u00eent\u00e2lnirile profesionale, mesele rotunde \u0219i defilarea de mod\u0103 a S\u0103pt\u0103m\u00e2nii Designului, care prezint\u0103 tendin\u021bele \u00een domeniul designului \u0219i crea\u021biile tinerilor designeri locali \u0219i str\u0103ini.<\/p>\n\n\n\n<p>Az eveniment din 2023 a fost organizat \u00eempreun\u0103 cu echipa ArtWise pentru programele de mod\u0103, iar prezen\u021ba expozi\u021biei itinerante a Ministerului Afacerilor Externe \u0219i Comer\u021bului Exterior al Ungariei, Smart Hungary, a fost notabil\u0103. Aceasta a prezentat 24 de produse grupate \u00een \u0219apte teme, precum ora\u0219e inteligente, mobilitate inteligent\u0103, locuin\u021be inteligente, divertisment inteligent, agricultur\u0103 inteligent\u0103, s\u0103n\u0103tate inteligent\u0103 \u0219i sport inteligent.<\/p>\n\n\n\n<p>\u00cen cadrul S\u0103pt\u0103m\u00e2nii Designului au fost prezentate expozi\u021bii de c\u0103tre Universitatea de Arhitectur\u0103 \u0219i Urbanism \u201eIon Mincu\u201d din Bucure\u0219ti, Universitatea de Arte \u0219i Design din Cluj-Napoca, Universitatea Cre\u0219tin\u0103 Partium din Oradea, precum \u0219i Universit\u0103\u021bile Metropolitan\u0103 din Sopron \u0219i Budapesta. De asemenea, a fost prezentat\u0103 sec\u021bia de mod\u0103 a Universit\u0103\u021bii Na\u021bionale de Arte din Bucure\u0219ti. \u00cen cadrul programului S\u0103pt\u0103m\u00e2nii Designului au avut loc prelegeri \u0219i ateliere, precum \u0219i o expozi\u021bie de design online.<\/p>\n<\/div><\/div>\n\n<\/div><\/div><style>.kb-row-layout-id998_9898b8-54 > .kt-row-column-wrap{align-content:start;}:where(.kb-row-layout-id998_9898b8-54 > .kt-row-column-wrap) > .wp-block-kadence-column{justify-content:start;}.kb-row-layout-id998_9898b8-54 > .kt-row-column-wrap{column-gap:var(--global-kb-gap-md, 2rem);row-gap:var(--global-kb-gap-md, 2rem);max-width:var( --global-content-width, 1290px );padding-left:var(--global-content-edge-padding);padding-right:var(--global-content-edge-padding);padding-top:var(--global-kb-spacing-sm, 1.5rem);padding-bottom:var(--global-kb-spacing-sm, 1.5rem);grid-template-columns:minmax(0, 1fr);}.kb-row-layout-id998_9898b8-54 > .kt-row-layout-overlay{opacity:0.30;}@media all and (max-width: 1024px){.kb-row-layout-id998_9898b8-54 > .kt-row-column-wrap{grid-template-columns:minmax(0, 1fr);}}@media all and (max-width: 767px){.kb-row-layout-id998_9898b8-54 > .kt-row-column-wrap{grid-template-columns:minmax(0, 1fr);}}<\/style><div class=\"kb-row-layout-wrap kb-row-layout-id998_9898b8-54 alignnone wp-block-kadence-rowlayout\"><div class=\"kt-row-column-wrap kt-has-1-columns kt-row-layout-equal kt-tab-layout-inherit kt-mobile-layout-row kt-row-valign-top kb-theme-content-width\">\n<style>.kadence-column998_f1a37f-00 > .kt-inside-inner-col,.kadence-column998_f1a37f-00 > .kt-inside-inner-col:before{border-top-left-radius:0px;border-top-right-radius:0px;border-bottom-right-radius:0px;border-bottom-left-radius:0px;}.kadence-column998_f1a37f-00 > .kt-inside-inner-col{column-gap:var(--global-kb-gap-sm, 1rem);}.kadence-column998_f1a37f-00 > .kt-inside-inner-col{flex-direction:column;}.kadence-column998_f1a37f-00 > .kt-inside-inner-col > .aligncenter{width:100%;}.kadence-column998_f1a37f-00 > .kt-inside-inner-col:before{opacity:0.3;}.kadence-column998_f1a37f-00{position:relative;}@media all and (max-width: 1024px){.kadence-column998_f1a37f-00 > .kt-inside-inner-col{flex-direction:column;justify-content:center;}}@media all and (max-width: 767px){.kadence-column998_f1a37f-00 > .kt-inside-inner-col{flex-direction:column;justify-content:center;}}<\/style>\n<div class=\"wp-block-kadence-column kadence-column998_f1a37f-00\"><div class=\"kt-inside-inner-col\"><style>.wp-block-kadence-advancedheading.kt-adv-heading998_cdc757-cc, .wp-block-kadence-advancedheading.kt-adv-heading998_cdc757-cc[data-kb-block=\"kb-adv-heading998_cdc757-cc\"]{font-style:normal;}.wp-block-kadence-advancedheading.kt-adv-heading998_cdc757-cc mark.kt-highlight, .wp-block-kadence-advancedheading.kt-adv-heading998_cdc757-cc[data-kb-block=\"kb-adv-heading998_cdc757-cc\"] mark.kt-highlight{font-style:normal;color:#f76a0c;-webkit-box-decoration-break:clone;box-decoration-break:clone;padding-top:0px;padding-right:0px;padding-bottom:0px;padding-left:0px;}.wp-block-kadence-advancedheading.kt-adv-heading998_cdc757-cc img.kb-inline-image, .wp-block-kadence-advancedheading.kt-adv-heading998_cdc757-cc[data-kb-block=\"kb-adv-heading998_cdc757-cc\"] img.kb-inline-image{width:150px;vertical-align:baseline;}<\/style>\n<h2 class=\"kt-adv-heading998_cdc757-cc wp-block-kadence-advancedheading has-theme-palette-2-color has-text-color\" data-kb-block=\"kb-adv-heading998_cdc757-cc\">galerie<\/h2>\n\n\n\nngg_shortcode_0_placeholder\n<\/div><\/div>\n\n<\/div><\/div>","protected":false},"excerpt":{"rendered":"<p>dw4 &#8211; 2023 Fabrica de Tutun din Sf\u00e2ntu Gheorghe a g\u0103zduit expozi\u021biile, atelierele creative, \u00eent\u00e2lnirile profesionale, mesele rotunde \u0219i defilarea de mod\u0103 a S\u0103pt\u0103m\u00e2nii Designului, care prezint\u0103 tendin\u021bele \u00een domeniul designului \u0219i crea\u021biile tinerilor designeri locali \u0219i str\u0103ini. Az eveniment din 2023 a fost organizat \u00eempreun\u0103 cu echipa ArtWise pentru programele de mod\u0103, iar prezen\u021ba&#8230;<\/p>\n","protected":false},"author":1,"featured_media":0,"parent":2023,"menu_order":0,"comment_status":"closed","ping_status":"closed","template":"","meta":{"_kad_blocks_custom_css":"","_kad_blocks_head_custom_js":"","_kad_blocks_body_custom_js":"","_kad_blocks_footer_custom_js":"","ngg_post_thumbnail":0,"_kad_post_transparent":"","_kad_post_title":"","_kad_post_layout":"","_kad_post_sidebar_id":"","_kad_post_content_style":"","_kad_post_vertical_padding":"","_kad_post_feature":"","_kad_post_feature_position":"","_kad_post_header":false,"_kad_post_footer":false,"_kad_post_classname":"","footnotes":""},"class_list":["post-2033","page","type-page","status-publish","hentry"],"taxonomy_info":[],"featured_image_src_large":false,"author_info":{"display_name":"taki","author_link":"https:\/\/designweek.ro\/ro\/author\/taki\/"},"comment_info":0,"_links":{"self":[{"href":"https:\/\/designweek.ro\/ro\/wp-json\/wp\/v2\/pages\/2033","targetHints":{"allow":["GET"]}}],"collection":[{"href":"https:\/\/designweek.ro\/ro\/wp-json\/wp\/v2\/pages"}],"about":[{"href":"https:\/\/designweek.ro\/ro\/wp-json\/wp\/v2\/types\/page"}],"author":[{"embeddable":true,"href":"https:\/\/designweek.ro\/ro\/wp-json\/wp\/v2\/users\/1"}],"replies":[{"embeddable":true,"href":"https:\/\/designweek.ro\/ro\/wp-json\/wp\/v2\/comments?post=2033"}],"version-history":[{"count":1,"href":"https:\/\/designweek.ro\/ro\/wp-json\/wp\/v2\/pages\/2033\/revisions"}],"predecessor-version":[{"id":2034,"href":"https:\/\/designweek.ro\/ro\/wp-json\/wp\/v2\/pages\/2033\/revisions\/2034"}],"up":[{"embeddable":true,"href":"https:\/\/designweek.ro\/ro\/wp-json\/wp\/v2\/pages\/2023"}],"wp:attachment":[{"href":"https:\/\/designweek.ro\/ro\/wp-json\/wp\/v2\/media?parent=2033"}],"curies":[{"name":"wp","href":"https:\/\/api.w.org\/{rel}","templated":true}]}}