{"id":2051,"date":"2024-01-07T13:03:34","date_gmt":"2024-01-07T11:03:34","guid":{"rendered":"https:\/\/designweek.ro\/evenimente\/"},"modified":"2024-02-27T20:52:39","modified_gmt":"2024-02-27T18:52:39","slug":"evenimente","status":"publish","type":"page","link":"https:\/\/designweek.ro\/ro\/evenimente\/","title":{"rendered":"Evenimente"},"content":{"rendered":"<style>.kb-row-layout-wrap.wp-block-kadence-rowlayout.kb-row-layout-id44_a8ca1d-45{margin-top:100px;}.kb-row-layout-id44_a8ca1d-45 > .kt-row-column-wrap{align-content:start;}:where(.kb-row-layout-id44_a8ca1d-45 > .kt-row-column-wrap) > .wp-block-kadence-column{justify-content:start;}.kb-row-layout-id44_a8ca1d-45 > .kt-row-column-wrap{column-gap:var(--global-kb-gap-md, 2rem);row-gap:var(--global-kb-gap-md, 2rem);max-width:var( --global-content-width, 1290px );padding-left:var(--global-content-edge-padding);padding-right:var(--global-content-edge-padding);padding-top:var(--global-kb-spacing-sm, 1.5rem);padding-bottom:var(--global-kb-spacing-sm, 1.5rem);grid-template-columns:minmax(0, 1fr);}.kb-row-layout-id44_a8ca1d-45 > .kt-row-layout-overlay{opacity:0.30;}@media all and (max-width: 1024px){.kb-row-layout-id44_a8ca1d-45 > .kt-row-column-wrap{grid-template-columns:minmax(0, 1fr);}}@media all and (max-width: 767px){.kb-row-layout-id44_a8ca1d-45 > .kt-row-column-wrap{grid-template-columns:minmax(0, 1fr);}}<\/style><div class=\"kb-row-layout-wrap kb-row-layout-id44_a8ca1d-45 alignnone wp-block-kadence-rowlayout\" id=\"design-tabor\"><div class=\"kt-row-column-wrap kt-has-1-columns kt-row-layout-equal kt-tab-layout-inherit kt-mobile-layout-row kt-row-valign-top kb-theme-content-width\">\n<style>.kadence-column44_ec53bf-72 > .kt-inside-inner-col,.kadence-column44_ec53bf-72 > .kt-inside-inner-col:before{border-top-left-radius:0px;border-top-right-radius:0px;border-bottom-right-radius:0px;border-bottom-left-radius:0px;}.kadence-column44_ec53bf-72 > .kt-inside-inner-col{column-gap:var(--global-kb-gap-sm, 1rem);}.kadence-column44_ec53bf-72 > .kt-inside-inner-col{flex-direction:column;}.kadence-column44_ec53bf-72 > .kt-inside-inner-col > .aligncenter{width:100%;}.kadence-column44_ec53bf-72 > .kt-inside-inner-col:before{opacity:0.3;}.kadence-column44_ec53bf-72{position:relative;}@media all and (max-width: 1024px){.kadence-column44_ec53bf-72 > .kt-inside-inner-col{flex-direction:column;justify-content:center;}}@media all and (max-width: 767px){.kadence-column44_ec53bf-72 > .kt-inside-inner-col{flex-direction:column;justify-content:center;}}<\/style>\n<div class=\"wp-block-kadence-column kadence-column44_ec53bf-72\"><div class=\"kt-inside-inner-col\"><style>.wp-block-kadence-advancedheading.kt-adv-heading44_f1bcc1-e9, .wp-block-kadence-advancedheading.kt-adv-heading44_f1bcc1-e9[data-kb-block=\"kb-adv-heading44_f1bcc1-e9\"]{font-style:normal;}.wp-block-kadence-advancedheading.kt-adv-heading44_f1bcc1-e9 mark.kt-highlight, .wp-block-kadence-advancedheading.kt-adv-heading44_f1bcc1-e9[data-kb-block=\"kb-adv-heading44_f1bcc1-e9\"] mark.kt-highlight{font-style:normal;color:#f76a0c;-webkit-box-decoration-break:clone;box-decoration-break:clone;padding-top:0px;padding-right:0px;padding-bottom:0px;padding-left:0px;}.wp-block-kadence-advancedheading.kt-adv-heading44_f1bcc1-e9 img.kb-inline-image, .wp-block-kadence-advancedheading.kt-adv-heading44_f1bcc1-e9[data-kb-block=\"kb-adv-heading44_f1bcc1-e9\"] img.kb-inline-image{width:150px;vertical-align:baseline;}<\/style>\n<h1 class=\"kt-adv-heading44_f1bcc1-e9 wp-block-kadence-advancedheading has-theme-palette-1-color has-text-color\" data-kb-block=\"kb-adv-heading44_f1bcc1-e9\">TAB\u0102RA DE DESIGN<\/h1>\n\n\n\n<p>Pe l\u00e2ng\u0103 Design Week, acord\u0103m \u00eentotdeauna o aten\u021bie deosebit\u0103 tinerilor designeri, motiv pentru care organiz\u0103m an de an tabere de design \u00een colaborare cu partenerii no\u0219tri din Ungaria \u0219i Transilvania. Loca\u021bia taberei de design este \u00eentotdeauna asigurat\u0103 de Muzeul Haszmann P\u00e1l din Cern\u0103u\u021bi. Scopul taberei de design este ca tinerii designeri din universit\u0103\u021bile din Transilvania \u0219i Ungaria s\u0103 \u00eenve\u021be unii de la al\u021bii \u0219i s\u0103 lucreze \u00eempreun\u0103 cu profesioni\u0219ti din domeniu pentru a crea proiecte tematice.<\/p>\n\n\n\n<p>Dup\u0103 c\u00e2\u021biva ani de absen\u021b\u0103, \u00een 2023 am reu\u0219it s\u0103 organiz\u0103m din nou Tab\u0103ra de Design \u00een parteneriat cu Universitatea din Sopron, sponsorizat\u0103 de Funda\u021bia Bethlen G\u00e1bor. A fost realizat\u0103 cu sprijinul Funda\u021biei Bethlen G\u00e1bor. Tab\u0103ra din acest an, similar\u0103 celor anterioare, a avut loc la Csern\u00e1ton, unde studen\u021bii din Ungaria au putut \u00eent\u00e2lni studen\u021bii locali \u0219i au putut vedea \u00eempreun\u0103 cum func\u021bioneaz\u0103 studiourile de design aici. Tema taberei din acest an a fost loca\u021bia de pe primul etaj a fostei fabrici de tutun din Sf\u00e2ntu Gheorghe, unde participan\u021bii au proiectat mobilier de expozi\u021bie variat. Fabrica de tutun este un monument de art\u0103 industrial\u0103 din Sf\u00e2ntu Gheorghe, a\u0219a c\u0103 tab\u0103ra a \u00eenceput cu o vizitare a loca\u021biei. Pe l\u00e2ng\u0103 lucrul pe o tem\u0103 dat\u0103, studen\u021bii au avut ocazia s\u0103 descopere me\u0219te\u0219ugurile tradi\u021bionale, de unde au putut s\u0103 se inspire \u00een curtea muzeului. \u00cen acela\u0219i timp, \u00een acest an au vizitat \u0219i Noul Muzeu Na\u021bional Secuiesc redeschis. Consider\u0103m important ca tinerii designeri s\u0103 cunoasc\u0103 at\u00e2t instrumentele moderne de design, c\u00e2t \u0219i metodele vechi \u0219i bine testate.<\/p>\n\n\n\n<div class=\"wp-block-presto-player-reusable-edit\"><!--presto-player:video_id=1--><figure class=\"wp-block-video presto-block-video  presto-provider-youtube\" style=\"--plyr-color-main: var(--presto-player-highlight-color, #f7d500); --presto-player-logo-width: 150px; \">\n\t<presto-player \n\t\tpreset='{&quot;id&quot;:3,&quot;name&quot;:&quot;Simple&quot;,&quot;slug&quot;:&quot;simple&quot;,&quot;icon&quot;:&quot;video-alt3&quot;,&quot;skin&quot;:&quot;modern&quot;,&quot;play-large&quot;:true,&quot;rewind&quot;:false,&quot;play&quot;:true,&quot;fast-forward&quot;:false,&quot;progress&quot;:true,&quot;current-time&quot;:false,&quot;mute&quot;:false,&quot;volume&quot;:false,&quot;speed&quot;:false,&quot;pip&quot;:false,&quot;fullscreen&quot;:true,&quot;captions&quot;:false,&quot;reset_on_end&quot;:true,&quot;auto_hide&quot;:true,&quot;captions_enabled&quot;:false,&quot;save_player_position&quot;:false,&quot;sticky_scroll&quot;:false,&quot;sticky_scroll_position&quot;:&quot;bottom right&quot;,&quot;on_video_end&quot;:&quot;select&quot;,&quot;play_video_viewport&quot;:false,&quot;hide_youtube&quot;:true,&quot;lazy_load_youtube&quot;:false,&quot;hide_logo&quot;:false,&quot;border_radius&quot;:0,&quot;caption_style&quot;:&quot;&quot;,&quot;caption_background&quot;:&quot;&quot;,&quot;is_locked&quot;:true,&quot;cta&quot;:[&quot;&quot;],&quot;watermark&quot;:[&quot;&quot;],&quot;search&quot;:[&quot;&quot;],&quot;email_collection&quot;:[&quot;&quot;],&quot;action_bar&quot;:[&quot;&quot;],&quot;created_by&quot;:1,&quot;created_at&quot;:&quot;2024-02-13 11:02:28&quot;,&quot;updated_at&quot;:&quot;2024-02-13 11:02:28&quot;,&quot;deleted_at&quot;:&quot;&quot;,&quot;show_time_elapsed&quot;:false}'\n\t\tbranding='{&quot;logo&quot;:&quot;&quot;,&quot;color&quot;:&quot;#f7d500&quot;,&quot;logo_width&quot;:150,&quot;player_css&quot;:&quot;&quot;}'\n\t\tchapters='[]'\n\t\toverlays='[]'\n\t\ttracks='[]'\n\t\tblock-attributes='{&quot;playsInline&quot;:true,&quot;id&quot;:1,&quot;src&quot;:&quot;https:\\\/\\\/youtu.be\\\/Ghx0RRa5dyo&quot;,&quot;preset&quot;:3,&quot;video_id&quot;:&quot;Ghx0RRa5dyo&quot;,&quot;visibility&quot;:&quot;public&quot;,&quot;color&quot;:&quot;#00b3ff&quot;,&quot;mutedPreview&quot;:{&quot;enabled&quot;:false,&quot;captions&quot;:false},&quot;mutedOverlay&quot;:{&quot;enabled&quot;:false,&quot;src&quot;:&quot;&quot;,&quot;width&quot;:200,&quot;focalPoint&quot;:{&quot;x&quot;:0.5,&quot;y&quot;:0.5}},&quot;mutedOverlayType&quot;:&quot;text&quot;,&quot;mutedOverlayText&quot;:&quot;Click to play&quot;,&quot;mutedOverlayImageWidth&quot;:200,&quot;chapters&quot;:[],&quot;overlays&quot;:[],&quot;tracks&quot;:[],&quot;title&quot;:&quot;Design Workshop \\\/Csern\\u00e1ton-Sepsiszentgy\\u00f6rgy - 2023&quot;}'\n\t\tanalytics=''\n\t\tautomations\t\tprovider='youtube'\n\t\t\t\tid=\"presto-player-1\"\n\t\tsrc=\"\/\/www.youtube.com\/embed\/Ghx0RRa5dyo?iv_load_policy=3&amp;modestbranding=1&amp;playinline=1&amp;showinfo=0&amp;rel=0&amp;enablejsapi=1\"\n\t\tmedia-title=\"Design Workshop \/Csern\u00e1ton-Sepsiszentgy\u00f6rgy - 2023\"\n\t\tcss=\"\"\n\t\tclass=\"presto-video-id-1 presto-preset-id-3 skin-modern\"\n\t\tskin=\"modern\" \n\t\ticon-url=\"https:\/\/designweek.ro\/wp-content\/plugins\/presto-player\/img\/sprite.svg\" \n\t\tpreload=\"\" \n\t\tposter=\"\"\n\t\tyoutube=\"{&quot;noCookie&quot;:false,&quot;channelId&quot;:&quot;&quot;,&quot;show_count&quot;:false}\"\n\t\tprovider-video-id=\"Ghx0RRa5dyo\"\n\t\tvideo-id=\"1\"\n\t\t\t\tvideo-attributes='{}'\n\t\tplaysinline\t\t\t\t>\n\t\t\n    <div class=\"presto-iframe-fallback-container\">\n        <iframe style=\"width: 100%\" title=\"Youtube Video\" class=\"presto-fallback-iframe\" id=\"presto-iframe-fallback-1\" data-src=\"https:\/\/www.youtube.com\/embed\/Ghx0RRa5dyo?iv_load_policy=3&amp;modestbranding=1&amp;playsinline=1&amp;showinfo=0&amp;rel=0&amp;enablejsapi=1\" allowfullscreen allowtransparency allow=\"autoplay\"><\/iframe>\n    <\/div>\n\n\t<\/presto-player>\n<\/figure><\/div>\n\n<\/div><\/div>\n\n<\/div><\/div><style>.kb-row-layout-wrap.wp-block-kadence-rowlayout.kb-row-layout-id44_0f0266-fe{margin-top:100px;}.kb-row-layout-id44_0f0266-fe > .kt-row-column-wrap{align-content:start;}:where(.kb-row-layout-id44_0f0266-fe > .kt-row-column-wrap) > .wp-block-kadence-column{justify-content:start;}.kb-row-layout-id44_0f0266-fe > .kt-row-column-wrap{column-gap:var(--global-kb-gap-md, 2rem);row-gap:var(--global-kb-gap-md, 2rem);max-width:var( --global-content-width, 1290px );padding-left:var(--global-content-edge-padding);padding-right:var(--global-content-edge-padding);padding-top:var(--global-kb-spacing-sm, 1.5rem);padding-bottom:var(--global-kb-spacing-sm, 1.5rem);grid-template-columns:minmax(0, 1fr);}.kb-row-layout-id44_0f0266-fe > .kt-row-layout-overlay{opacity:0.30;}@media all and (max-width: 1024px){.kb-row-layout-id44_0f0266-fe > .kt-row-column-wrap{grid-template-columns:minmax(0, 1fr);}}@media all and (max-width: 767px){.kb-row-layout-id44_0f0266-fe > .kt-row-column-wrap{grid-template-columns:minmax(0, 1fr);}}<\/style><div class=\"kb-row-layout-wrap kb-row-layout-id44_0f0266-fe alignnone wp-block-kadence-rowlayout\" id=\"divatbemutato\"><div class=\"kt-row-column-wrap kt-has-1-columns kt-row-layout-equal kt-tab-layout-inherit kt-mobile-layout-row kt-row-valign-top kb-theme-content-width\">\n<style>.kadence-column44_c30929-e3 > .kt-inside-inner-col,.kadence-column44_c30929-e3 > .kt-inside-inner-col:before{border-top-left-radius:0px;border-top-right-radius:0px;border-bottom-right-radius:0px;border-bottom-left-radius:0px;}.kadence-column44_c30929-e3 > .kt-inside-inner-col{column-gap:var(--global-kb-gap-sm, 1rem);}.kadence-column44_c30929-e3 > .kt-inside-inner-col{flex-direction:column;}.kadence-column44_c30929-e3 > .kt-inside-inner-col > .aligncenter{width:100%;}.kadence-column44_c30929-e3 > .kt-inside-inner-col:before{opacity:0.3;}.kadence-column44_c30929-e3{position:relative;}@media all and (max-width: 1024px){.kadence-column44_c30929-e3 > .kt-inside-inner-col{flex-direction:column;justify-content:center;}}@media all and (max-width: 767px){.kadence-column44_c30929-e3 > .kt-inside-inner-col{flex-direction:column;justify-content:center;}}<\/style>\n<div class=\"wp-block-kadence-column kadence-column44_c30929-e3\"><div class=\"kt-inside-inner-col\"><style>.wp-block-kadence-advancedheading.kt-adv-heading44_87422b-38, .wp-block-kadence-advancedheading.kt-adv-heading44_87422b-38[data-kb-block=\"kb-adv-heading44_87422b-38\"]{font-style:normal;}.wp-block-kadence-advancedheading.kt-adv-heading44_87422b-38 mark.kt-highlight, .wp-block-kadence-advancedheading.kt-adv-heading44_87422b-38[data-kb-block=\"kb-adv-heading44_87422b-38\"] mark.kt-highlight{font-style:normal;color:#f76a0c;-webkit-box-decoration-break:clone;box-decoration-break:clone;padding-top:0px;padding-right:0px;padding-bottom:0px;padding-left:0px;}.wp-block-kadence-advancedheading.kt-adv-heading44_87422b-38 img.kb-inline-image, .wp-block-kadence-advancedheading.kt-adv-heading44_87422b-38[data-kb-block=\"kb-adv-heading44_87422b-38\"] img.kb-inline-image{width:150px;vertical-align:baseline;}<\/style>\n<h1 class=\"kt-adv-heading44_87422b-38 wp-block-kadence-advancedheading has-theme-palette-1-color has-text-color\" data-kb-block=\"kb-adv-heading44_87422b-38\">PREZENTARE DE MOD\u0102<\/h1>\n\n\n\n<p>Asocia\u021bia Focus Rectus \u0219i organizatorii S\u0103pt\u0103m\u00e2nii Designului au organizat \u00een septembrie 2023, \u00een cadrul S\u0103pt\u0103m\u00e2nii Sustenabilit\u0103\u021bii, un show de mod\u0103 \u00een colaborare cu Clusterul Textil din Sf\u00e2ntu Gheorghe, unde au fost prezentate crea\u021biile talentelor locale.<\/p>\n\n\n\n<p>Sustenabilitatea devine tot mai important\u0103 \u0219i \u00een industria textil\u0103, iar al\u0103turi de hainele fast fashion, \u00eencep s\u0103 apar\u0103 tot mai des articole vestimentare fabricate din materiale durabile, reciclate \u0219i prietenoase cu mediul. \u00cen \u021ainutul Secuiesc, tot mai mul\u021bi designeri \u00eencearc\u0103 s\u0103 creeze \u00eembr\u0103c\u0103minte \u0219i accesorii care s\u0103 \u021bin\u0103 cont de aceste aspecte.<\/p>\n\n\n\n<p>Studen\u021bii de la studioul KreaKids din T\u00e2rgu Secuiesc creeaz\u0103 \u0219i ei \u00een acest spirit, deoarece ace\u0219tia realizeaz\u0103 colec\u021bii din materiale reciclate. Pe l\u00e2ng\u0103 aceasta, la prezentarea de mod\u0103 au fost prezentate \u0219i crea\u021biile Delikates \u0219i KreaCo, incluz\u00e2nd articole moderne de \u00eembr\u0103c\u0103minte sport \u0219i hanorace fabricate din materiale prietenoase cu mediul \u00eenconjur\u0103tor.<\/p>\n\n\n\n<p>De asemenea, au fost prezentate \u0219i crea\u021biile unor designeri de mod\u0103 precum Alp\u00e1r K\u00f6nczei, care a prezentat rochiile sale de mireas\u0103 compuse din dou\u0103 piese, sau colec\u021biile create de Eszter Antal \u0219i \u00c1gnes J\u00e1nosi. Elevii de la \u0218coala Tehnic\u0103 Pusk\u00e1s Tivadar din zon\u0103 s-au preg\u0103tit \u0219i ei pentru prezentare, av\u00e2nd o colec\u021bie de haine realizate din saci de gunoi, atr\u0103g\u00e2nd astfel aten\u021bia asupra sustenabilit\u0103\u021bii.<\/p>\n<\/div><\/div>\n\n<\/div><\/div><style>.kb-row-layout-id44_7ee5d9-36 > .kt-row-column-wrap{align-content:start;}:where(.kb-row-layout-id44_7ee5d9-36 > .kt-row-column-wrap) > .wp-block-kadence-column{justify-content:start;}.kb-row-layout-id44_7ee5d9-36 > .kt-row-column-wrap{column-gap:var(--global-kb-gap-md, 2rem);row-gap:var(--global-kb-gap-md, 2rem);max-width:var( --global-content-width, 1290px );padding-left:var(--global-content-edge-padding);padding-right:var(--global-content-edge-padding);padding-top:var(--global-kb-spacing-sm, 1.5rem);padding-bottom:var(--global-kb-spacing-sm, 1.5rem);grid-template-columns:minmax(0, 1fr);}.kb-row-layout-id44_7ee5d9-36 > .kt-row-layout-overlay{opacity:0.30;}@media all and (max-width: 1024px){.kb-row-layout-id44_7ee5d9-36 > .kt-row-column-wrap{grid-template-columns:minmax(0, 1fr);}}@media all and (max-width: 767px){.kb-row-layout-id44_7ee5d9-36 > .kt-row-column-wrap{grid-template-columns:minmax(0, 1fr);}}<\/style><div class=\"kb-row-layout-wrap kb-row-layout-id44_7ee5d9-36 alignnone wp-block-kadence-rowlayout\"><div class=\"kt-row-column-wrap kt-has-1-columns kt-row-layout-equal kt-tab-layout-inherit kt-mobile-layout-row kt-row-valign-top kb-theme-content-width\">\n<style>.kadence-column44_011184-f9 > .kt-inside-inner-col,.kadence-column44_011184-f9 > .kt-inside-inner-col:before{border-top-left-radius:0px;border-top-right-radius:0px;border-bottom-right-radius:0px;border-bottom-left-radius:0px;}.kadence-column44_011184-f9 > .kt-inside-inner-col{column-gap:var(--global-kb-gap-sm, 1rem);}.kadence-column44_011184-f9 > .kt-inside-inner-col{flex-direction:column;}.kadence-column44_011184-f9 > .kt-inside-inner-col > .aligncenter{width:100%;}.kadence-column44_011184-f9 > .kt-inside-inner-col:before{opacity:0.3;}.kadence-column44_011184-f9{position:relative;}@media all and (max-width: 1024px){.kadence-column44_011184-f9 > .kt-inside-inner-col{flex-direction:column;justify-content:center;}}@media all and (max-width: 767px){.kadence-column44_011184-f9 > .kt-inside-inner-col{flex-direction:column;justify-content:center;}}<\/style>\n<div class=\"wp-block-kadence-column kadence-column44_011184-f9\"><div class=\"kt-inside-inner-col\"><style>.wp-block-kadence-advancedheading.kt-adv-heading44_a7a7bc-72, .wp-block-kadence-advancedheading.kt-adv-heading44_a7a7bc-72[data-kb-block=\"kb-adv-heading44_a7a7bc-72\"]{font-style:normal;}.wp-block-kadence-advancedheading.kt-adv-heading44_a7a7bc-72 mark.kt-highlight, .wp-block-kadence-advancedheading.kt-adv-heading44_a7a7bc-72[data-kb-block=\"kb-adv-heading44_a7a7bc-72\"] mark.kt-highlight{font-style:normal;color:#f76a0c;-webkit-box-decoration-break:clone;box-decoration-break:clone;padding-top:0px;padding-right:0px;padding-bottom:0px;padding-left:0px;}.wp-block-kadence-advancedheading.kt-adv-heading44_a7a7bc-72 img.kb-inline-image, .wp-block-kadence-advancedheading.kt-adv-heading44_a7a7bc-72[data-kb-block=\"kb-adv-heading44_a7a7bc-72\"] img.kb-inline-image{width:150px;vertical-align:baseline;}<\/style>\n<h2 class=\"kt-adv-heading44_a7a7bc-72 wp-block-kadence-advancedheading has-theme-palette-2-color has-text-color\" data-kb-block=\"kb-adv-heading44_a7a7bc-72\">galerie<\/h2>\n<\/div><\/div>\n\n<\/div><\/div>\nngg_shortcode_0_placeholder\n","protected":false},"excerpt":{"rendered":"<p>TAB\u0102RA DE DESIGN Pe l\u00e2ng\u0103 Design Week, acord\u0103m \u00eentotdeauna o aten\u021bie deosebit\u0103 tinerilor designeri, motiv pentru care organiz\u0103m an de an tabere de design \u00een colaborare cu partenerii no\u0219tri din Ungaria \u0219i Transilvania. Loca\u021bia taberei de design este \u00eentotdeauna asigurat\u0103 de Muzeul Haszmann P\u00e1l din Cern\u0103u\u021bi. Scopul taberei de design este ca tinerii designeri din&#8230;<\/p>\n","protected":false},"author":1,"featured_media":0,"parent":0,"menu_order":0,"comment_status":"closed","ping_status":"closed","template":"","meta":{"_kad_blocks_custom_css":"","_kad_blocks_head_custom_js":"","_kad_blocks_body_custom_js":"","_kad_blocks_footer_custom_js":"","ngg_post_thumbnail":0,"_kad_post_transparent":"","_kad_post_title":"","_kad_post_layout":"","_kad_post_sidebar_id":"","_kad_post_content_style":"","_kad_post_vertical_padding":"","_kad_post_feature":"","_kad_post_feature_position":"","_kad_post_header":false,"_kad_post_footer":false,"_kad_post_classname":"","footnotes":""},"class_list":["post-2051","page","type-page","status-publish","hentry"],"taxonomy_info":[],"featured_image_src_large":false,"author_info":{"display_name":"taki","author_link":"https:\/\/designweek.ro\/ro\/author\/taki\/"},"comment_info":0,"_links":{"self":[{"href":"https:\/\/designweek.ro\/ro\/wp-json\/wp\/v2\/pages\/2051","targetHints":{"allow":["GET"]}}],"collection":[{"href":"https:\/\/designweek.ro\/ro\/wp-json\/wp\/v2\/pages"}],"about":[{"href":"https:\/\/designweek.ro\/ro\/wp-json\/wp\/v2\/types\/page"}],"author":[{"embeddable":true,"href":"https:\/\/designweek.ro\/ro\/wp-json\/wp\/v2\/users\/1"}],"replies":[{"embeddable":true,"href":"https:\/\/designweek.ro\/ro\/wp-json\/wp\/v2\/comments?post=2051"}],"version-history":[{"count":5,"href":"https:\/\/designweek.ro\/ro\/wp-json\/wp\/v2\/pages\/2051\/revisions"}],"predecessor-version":[{"id":2372,"href":"https:\/\/designweek.ro\/ro\/wp-json\/wp\/v2\/pages\/2051\/revisions\/2372"}],"wp:attachment":[{"href":"https:\/\/designweek.ro\/ro\/wp-json\/wp\/v2\/media?parent=2051"}],"curies":[{"name":"wp","href":"https:\/\/api.w.org\/{rel}","templated":true}]}}